{"id":2,"date":"2023-04-15T08:15:46","date_gmt":"2023-04-15T08:15:46","guid":{"rendered":"https:\/\/enlightenup.eu\/?page_id=2"},"modified":"2024-08-27T15:05:48","modified_gmt":"2024-08-27T15:05:48","slug":"welkom","status":"publish","type":"page","link":"https:\/\/www.enlightenup.eu\/pt\/","title":{"rendered":"Bem-vindo"},"content":{"rendered":"\n<p>Bem-vindo ao meu site, estou feliz que voc\u00ea esteja aqui!<\/p>\n\n\n\n<p>Neste site, voc\u00ea pode encontrar explica\u00e7\u00f5es sobre as diferentes curas que eu ofere\u00e7o.<\/p>\n\n\n\n<p>Tamb\u00e9m h\u00e1 uma loja onde ofere\u00e7o v\u00e1rias coisas bonitas.<\/p>\n\n\n\n<p>Agrade\u00e7o a voc\u00ea por estar aqui, por buscar mais ajuda, e por me permitir apoiar voc\u00ea nisso.<\/p>\n\n\n\n<p>Os \u00faltimos 25 anos da minha vida dediquei \u00e0 liberta\u00e7\u00e3o da mente e ao controle dos pensamentos. Fiz isso meditando muito e participando de v\u00e1rios cursos e workshops. Viajei muito, e principalmente viajar sozinha me trouxe muitas experi\u00eancias valiosas. Isso me ajudou a entrar em contato comigo mesma e com esferas superiores.<\/p>\n\n\n\n<p>O Tarot sempre foi uma grande ajuda e eu adoro trabalhar com ele. Eu o utilizo sempre para estabelecer conex\u00e3o nas leituras.<\/p>\n\n\n\n<p>D\u00ea uma olhada por aqui e, se tiver alguma d\u00favida, n\u00e3o hesite em entrar em contato.<\/p>\n\n\n\n<p>Com carinho e abra\u00e7os calorosos,<\/p>\n","protected":false},"excerpt":{"rendered":"<p>Bem-vindo ao meu site, estou feliz que voc\u00ea esteja aqui! Neste site, voc\u00ea pode encontrar explica\u00e7\u00f5es sobre as diferentes curas que eu ofere\u00e7o. Tamb\u00e9m h\u00e1 uma loja onde ofere\u00e7o v\u00e1rias coisas bonitas. Agrade\u00e7o a voc\u00ea por estar aqui, por buscar mais ajuda, e por me permitir apoiar voc\u00ea nisso. Os \u00faltimos 25 anos da minha &#8230; <a title=\"Bem-vindo\" class=\"read-more\" href=\"https:\/\/www.enlightenup.eu\/pt\/\">Read more<span class=\"screen-reader-text\">Bem-vindo<\/span><\/a><\/p>\n","protected":false},"author":1,"featured_media":0,"parent":0,"menu_order":0,"comment_status":"closed","ping_status":"closed","template":"","meta":{"footnotes":""},"class_list":["post-2","page","type-page","status-publish"],"_links":{"self":[{"href":"https:\/\/www.enlightenup.eu\/pt\/wp-json\/wp\/v2\/pages\/2","targetHints":{"allow":["GET"]}}],"collection":[{"href":"https:\/\/www.enlightenup.eu\/pt\/wp-json\/wp\/v2\/pages"}],"about":[{"href":"https:\/\/www.enlightenup.eu\/pt\/wp-json\/wp\/v2\/types\/page"}],"author":[{"embeddable":true,"href":"https:\/\/www.enlightenup.eu\/pt\/wp-json\/wp\/v2\/users\/1"}],"replies":[{"embeddable":true,"href":"https:\/\/www.enlightenup.eu\/pt\/wp-json\/wp\/v2\/comments?post=2"}],"version-history":[{"count":9,"href":"https:\/\/www.enlightenup.eu\/pt\/wp-json\/wp\/v2\/pages\/2\/revisions"}],"predecessor-version":[{"id":166,"href":"https:\/\/www.enlightenup.eu\/pt\/wp-json\/wp\/v2\/pages\/2\/revisions\/166"}],"wp:attachment":[{"href":"https:\/\/www.enlightenup.eu\/pt\/wp-json\/wp\/v2\/media?parent=2"}],"curies":[{"name":"wp","href":"https:\/\/api.w.org\/{rel}","templated":true}]}}